{"id":61,"date":"2020-04-02T10:49:07","date_gmt":"2020-04-02T08:49:07","guid":{"rendered":"http:\/\/www.osteopathe-annaellepeloil-17.com\/?page_id=61"},"modified":"2022-09-11T18:14:41","modified_gmt":"2022-09-11T16:14:41","slug":"osteopathie","status":"publish","type":"page","link":"https:\/\/www.osteopathe-annaellepeloil-17.com\/index.php\/osteopathie\/","title":{"rendered":"L&rsquo;ost\u00e9opathie"},"content":{"rendered":"\n<p><strong><span class=\"has-inline-color has-vivid-purple-color\">Quoi :<\/span> <\/strong>discipline manuelle consid\u00e9rant le corps dans son int\u00e9gralit\u00e9 recherchant la cause de la douleur afin d\u2019en traiter l\u2019origine.<br>Elle s&rsquo;int\u00e9resse non seulement aux sympt\u00f4mes physiques, mais aussi au style de vie, aux habitudes et \u00e0 l&rsquo;\u00e9tat global du patient.<\/p>\n\n\n\n<p><strong><span class=\"has-inline-color has-vivid-purple-color\">Etymologie :<\/span> <\/strong>du grec \u00ab&nbsp;osteon&nbsp;\u00bb = os et \u00ab&nbsp;pathos&nbsp;\u00bb = affection, maladie<\/p>\n\n\n\n<p><strong><span class=\"has-inline-color has-vivid-purple-color\">Par Qui :<\/span> <\/strong>Andrew Taylor Still, m\u00e9decin et chirurgien<\/p>\n\n\n\n<p><strong><span class=\"has-inline-color has-vivid-purple-color\">Quand :<\/span> <\/strong>en 1874 aux Etats-Unis, export\u00e9e en Europe au d\u00e9but du XX\u00e8 si\u00e8cle<\/p>\n\n\n\n<p><strong><span class=\"has-inline-color has-vivid-purple-color\">Et en France :<\/span> <\/strong>reconnue l\u00e9galement en 2002, d\u00e9crets d\u2019application en 2007<\/p>\n\n\n\n<p><strong><span class=\"has-inline-color has-vivid-purple-color\">Comment :<\/span> <\/strong>recherche de restrictions de mobilit\u00e9, de zones de tensions sur l\u2019ensemble des structures qui composent le corps humain<\/p>\n\n\n\n<p><strong><span class=\"has-inline-color has-vivid-purple-color\">Quelles techniques :<\/span> <\/strong>manipulations directes et indirectes, ost\u00e9oarticulaires, cr\u00e2niennes, visc\u00e9rales, fasciales<\/p>\n\n\n\n<p><strong><span class=\"has-inline-color has-vivid-purple-color\">Concepts fondamentaux de l\u2019ost\u00e9opathie :<\/span><\/strong><\/p>\n\n\n\n<p><strong><span class=\"has-inline-color has-vivid-cyan-blue-color\"><em>a)<\/em> <em>L\u2019unit\u00e9 du corps&nbsp;:<\/em><\/span><\/strong><\/p>\n\n\n\n<div class=\"wp-block-media-text alignwide is-stacked-on-mobile\" style=\"grid-template-columns:23% auto\"><figure class=\"wp-block-media-text__media\"><img loading=\"lazy\" decoding=\"async\" width=\"500\" height=\"500\" src=\"http:\/\/www.osteopathe-annaellepeloil-17.com\/wp-content\/uploads\/2020\/04\/roue-dent\u00e9e.jpg\" alt=\"\" class=\"wp-image-245 size-full\" srcset=\"https:\/\/www.osteopathe-annaellepeloil-17.com\/wp-content\/uploads\/2020\/04\/roue-dent\u00e9e.jpg 500w, https:\/\/www.osteopathe-annaellepeloil-17.com\/wp-content\/uploads\/2020\/04\/roue-dent\u00e9e-300x300.jpg 300w, https:\/\/www.osteopathe-annaellepeloil-17.com\/wp-content\/uploads\/2020\/04\/roue-dent\u00e9e-150x150.jpg 150w, https:\/\/www.osteopathe-annaellepeloil-17.com\/wp-content\/uploads\/2020\/04\/roue-dent\u00e9e-60x60.jpg 60w\" sizes=\"auto, (max-width: 500px) 100vw, 500px\" \/><\/figure><div class=\"wp-block-media-text__content\">\n<p class=\"has-normal-font-size\"><strong>Toutes les parties du corps sont en \u00e9troite relation<\/strong>. Indissociables les unes des autres, elles sont sous l&rsquo;influence permanente de leur environnement,<strong> m\u00e9canique et\/ou \u00e9motionnel<\/strong>.<\/p>\n<\/div><\/div>\n\n\n\n<p><mark style=\"background-color:rgba(0, 0, 0, 0)\" class=\"has-inline-color has-vivid-cyan-blue-color\"><em><strong>b) La structure gouverne la fonction et inversement\u00a0:<\/strong><\/em><\/mark><\/p>\n\n\n\n<p>Le corps humain est une charpente permettant le mouvement. Elle abrite, soutient, v\u00e9hicule des informations des organes vers le syst\u00e8me nerveux central et inversement. Elle permet de vivre&nbsp;!<\/p>\n\n\n\n<p>L\u2019ost\u00e9opathe, en agissant sur la structure, en lui redonnant toute son <strong>harmonie<\/strong>, facilite ainsi la meilleure fonction possible.<br>A l\u2019inverse, en agissant sur un organe ou une fonction, il permet \u00e0 la structure de<strong> gagner en libert\u00e9 de mouvement<\/strong>.<\/p>\n\n\n\n<p><em><strong><span class=\"has-inline-color has-vivid-cyan-blue-color\">c) Le principe d\u2019autogu\u00e9rison, d\u2019autor\u00e9gulation, d\u2019autod\u00e9fense&nbsp;:<\/span><\/strong><\/em><\/p>\n\n\n\n<div class=\"wp-block-media-text alignwide is-stacked-on-mobile\" style=\"grid-template-columns:15% auto\"><figure class=\"wp-block-media-text__media\"><img loading=\"lazy\" decoding=\"async\" width=\"384\" height=\"512\" src=\"http:\/\/www.osteopathe-annaellepeloil-17.com\/wp-content\/uploads\/2020\/04\/\u00e9olienne.jpg\" alt=\"\" class=\"wp-image-247 size-full\" srcset=\"https:\/\/www.osteopathe-annaellepeloil-17.com\/wp-content\/uploads\/2020\/04\/\u00e9olienne.jpg 384w, https:\/\/www.osteopathe-annaellepeloil-17.com\/wp-content\/uploads\/2020\/04\/\u00e9olienne-225x300.jpg 225w, https:\/\/www.osteopathe-annaellepeloil-17.com\/wp-content\/uploads\/2020\/04\/\u00e9olienne-45x60.jpg 45w\" sizes=\"auto, (max-width: 384px) 100vw, 384px\" \/><\/figure><div class=\"wp-block-media-text__content\">\n<p class=\"has-normal-font-size\"><strong>Le corps poss\u00e8de en lui, tous les outils n\u00e9cessaires \u00e0 son propre fonctionnemen<\/strong>t, afin de garder ses constances vitales dans un environnement fluctuant.<br>Si l\u2019\u00e9quilibre n\u2019a \u00e9t\u00e9 que partiellement r\u00e9tabli ou perdure dans une instabilit\u00e9 trop grande, si ce syst\u00e8me d\u2019autor\u00e9gulation est trop sollicit\u00e9 ou n\u2019arrive pas \u00e0 restituer une harmonie, c\u2019est la sant\u00e9 qui en p\u00e2tit.<\/p>\n<\/div><\/div>\n\n\n\n<p><em><strong><span class=\"has-inline-color has-vivid-cyan-blue-color\">d) La r\u00e8gle de l\u2019art\u00e8re est reine&nbsp;:<\/span><\/strong><\/em><strong><em><br><\/em><\/strong>Pour que les processus physiologiques de <strong>gu\u00e9rison<\/strong> du corps soient efficaces, il faut que nos cellules re\u00e7oivent tous les \u00e9l\u00e9ments dont elles ont besoin pour remplir parfaitement leurs fonctions.<br>Si ce n\u2019est pas le cas, si les cellules ne peuvent se r\u00e9g\u00e9n\u00e9rer et se d\u00e9barrasser de leurs d\u00e9chets, le syst\u00e8me d\u2019autor\u00e9gulation du corps en sera moins efficace.<br>C\u2019est<strong> le mouvement<\/strong> qui facilite l\u2019acheminement des liquides dans les tissus, favorisant ainsi le renouvellement du milieu dans lequel baignent nos cellules. Un autre syst\u00e8me de r\u00e9gulation important est repr\u00e9sent\u00e9 par le syst\u00e8me nerveux, qui est en \u00e9troite relation avec la colonne vert\u00e9brale.<\/p>\n\n\n\n<p><mark style=\"background-color:rgba(0, 0, 0, 0)\" class=\"has-inline-color has-vivid-cyan-blue-color\"><em><strong>e) Le ph\u00e9nom\u00e8ne d\u2019adaptation \/ compensation<\/strong><\/em><\/mark><strong><em><br><\/em><\/strong><\/p>\n\n\n\n<div class=\"wp-block-media-text alignwide is-stacked-on-mobile\" style=\"grid-template-columns:15% auto\"><figure class=\"wp-block-media-text__media\"><img loading=\"lazy\" decoding=\"async\" width=\"479\" height=\"612\" src=\"http:\/\/www.osteopathe-annaellepeloil-17.com\/wp-content\/uploads\/2020\/04\/gettyimages-200130801-001-612x612-1.jpg\" alt=\"\" class=\"wp-image-254 size-full\" srcset=\"https:\/\/www.osteopathe-annaellepeloil-17.com\/wp-content\/uploads\/2020\/04\/gettyimages-200130801-001-612x612-1.jpg 479w, https:\/\/www.osteopathe-annaellepeloil-17.com\/wp-content\/uploads\/2020\/04\/gettyimages-200130801-001-612x612-1-235x300.jpg 235w, https:\/\/www.osteopathe-annaellepeloil-17.com\/wp-content\/uploads\/2020\/04\/gettyimages-200130801-001-612x612-1-47x60.jpg 47w\" sizes=\"auto, (max-width: 479px) 100vw, 479px\" \/><\/figure><div class=\"wp-block-media-text__content\">\n<p class=\"has-normal-font-size\">Le corps s&rsquo;adapte en permanence en fonction des informations qu&rsquo;il re\u00e7oit. Il r\u00e9\u00e9quilibre la structure (modification de tension musculaire et\/ou de mobilit\u00e9 articulaire) et\/ou il modifie ses fonctions (r\u00e9action physiologique au niveau des organes).<br>A force de compensation, le corps r\u00e9partit le travail sur diverses parties du corps (<strong>\u00ab&nbsp;ma douleur se d\u00e9place&nbsp;\u00bb<\/strong>). Ses m\u00e9canismes deviennent alors insuffisants, le corps d\u00e9compense peu \u00e0 peu, cr\u00e9ant un trouble fonctionnel persistant.<\/p>\n<\/div><\/div>\n\n\n\n<p>C\u2019est en cela que l\u2019<strong>action de l\u2019ost\u00e9opathe est \u00e0 la fois pr\u00e9ventive et curative<\/strong>. L\u2019ost\u00e9opathe permet de r\u00e9duire les m\u00e9faits des troubles fonctionnels soit en supprimant leur(s) cause(s), soit en diminuant leurs impacts dans le temps.<\/p>\n\n\n\n<p><\/p>\n\n\n\n<p class=\"has-text-align-center has-pale-pink-background-color has-background has-medium-font-size\"><strong>Pour prendre RDV : <br>St Jean de Liversay <em>(3 rue Beaus\u00e9jour)<\/em> : 06 73 49 36 42 &#8211; 05 46 09 26 31<\/strong><\/p>\n","protected":false},"excerpt":{"rendered":"<p>Quoi : discipline manuelle consid\u00e9rant le corps dans son int\u00e9gralit\u00e9 recherchant la cause de la douleur afin d\u2019en traiter l\u2019origine.Elle s&rsquo;int\u00e9resse non seulement aux sympt\u00f4mes physiques, mais aussi au style de vie, aux habitudes et \u00e0 l&rsquo;\u00e9tat global du patient. Etymologie : du grec \u00ab&nbsp;osteon&nbsp;\u00bb = os et \u00ab&nbsp;pathos&nbsp;\u00bb = affection, maladie Par Qui : &hellip; <\/p>\n","protected":false},"author":1,"featured_media":0,"parent":0,"menu_order":0,"comment_status":"closed","ping_status":"closed","template":"","meta":{"footnotes":""},"class_list":["post-61","page","type-page","status-publish","hentry"],"_links":{"self":[{"href":"https:\/\/www.osteopathe-annaellepeloil-17.com\/index.php\/wp-json\/wp\/v2\/pages\/61","targetHints":{"allow":["GET"]}}],"collection":[{"href":"https:\/\/www.osteopathe-annaellepeloil-17.com\/index.php\/wp-json\/wp\/v2\/pages"}],"about":[{"href":"https:\/\/www.osteopathe-annaellepeloil-17.com\/index.php\/wp-json\/wp\/v2\/types\/page"}],"author":[{"embeddable":true,"href":"https:\/\/www.osteopathe-annaellepeloil-17.com\/index.php\/wp-json\/wp\/v2\/users\/1"}],"replies":[{"embeddable":true,"href":"https:\/\/www.osteopathe-annaellepeloil-17.com\/index.php\/wp-json\/wp\/v2\/comments?post=61"}],"version-history":[{"count":12,"href":"https:\/\/www.osteopathe-annaellepeloil-17.com\/index.php\/wp-json\/wp\/v2\/pages\/61\/revisions"}],"predecessor-version":[{"id":306,"href":"https:\/\/www.osteopathe-annaellepeloil-17.com\/index.php\/wp-json\/wp\/v2\/pages\/61\/revisions\/306"}],"wp:attachment":[{"href":"https:\/\/www.osteopathe-annaellepeloil-17.com\/index.php\/wp-json\/wp\/v2\/media?parent=61"}],"curies":[{"name":"wp","href":"https:\/\/api.w.org\/{rel}","templated":true}]}}