{"id":155,"date":"2020-04-02T21:41:01","date_gmt":"2020-04-02T19:41:01","guid":{"rendered":"http:\/\/www.osteopathe-annaellepeloil-17.com\/?page_id=155"},"modified":"2022-09-11T18:10:55","modified_gmt":"2022-09-11T16:10:55","slug":"les-cabinets","status":"publish","type":"page","link":"https:\/\/www.osteopathe-annaellepeloil-17.com\/index.php\/les-cabinets\/","title":{"rendered":"Les Cabinets"},"content":{"rendered":"\n<p class=\"has-text-align-center has-very-dark-gray-color has-vivid-cyan-blue-background-color has-text-color has-background has-medium-font-size\"><strong>SAINT JEAN DE LIVERSAY &#8211; 3 rue Beaus\u00e9jour<\/strong><br><strong>06 73 49 36 42 &#8211; 05 46 09 26 31<\/strong><\/p>\n\n\n\n<div class=\"wp-block-columns is-layout-flex wp-container-core-columns-is-layout-9d6595d7 wp-block-columns-is-layout-flex\">\n<div class=\"wp-block-column is-layout-flow wp-block-column-is-layout-flow\"><div class=\"wp-block-image\">\n<figure class=\"aligncenter size-large\"><img loading=\"lazy\" decoding=\"async\" width=\"768\" height=\"1024\" src=\"http:\/\/www.osteopathe-annaellepeloil-17.com\/wp-content\/uploads\/2020\/04\/20200303_153616-768x1024.jpg\" alt=\"\" class=\"wp-image-163\" srcset=\"https:\/\/www.osteopathe-annaellepeloil-17.com\/wp-content\/uploads\/2020\/04\/20200303_153616-768x1024.jpg 768w, https:\/\/www.osteopathe-annaellepeloil-17.com\/wp-content\/uploads\/2020\/04\/20200303_153616-225x300.jpg 225w, https:\/\/www.osteopathe-annaellepeloil-17.com\/wp-content\/uploads\/2020\/04\/20200303_153616-1152x1536.jpg 1152w, https:\/\/www.osteopathe-annaellepeloil-17.com\/wp-content\/uploads\/2020\/04\/20200303_153616-1536x2048.jpg 1536w, https:\/\/www.osteopathe-annaellepeloil-17.com\/wp-content\/uploads\/2020\/04\/20200303_153616-45x60.jpg 45w, https:\/\/www.osteopathe-annaellepeloil-17.com\/wp-content\/uploads\/2020\/04\/20200303_153616-scaled.jpg 1920w\" sizes=\"auto, (max-width: 768px) 100vw, 768px\" \/><\/figure>\n<\/div><\/div>\n\n\n\n<div class=\"wp-block-column is-layout-flow wp-block-column-is-layout-flow\"><div class=\"wp-block-image\">\n<figure class=\"aligncenter size-large\"><img loading=\"lazy\" decoding=\"async\" width=\"768\" height=\"1024\" src=\"http:\/\/www.osteopathe-annaellepeloil-17.com\/wp-content\/uploads\/2020\/04\/20200303_153807-768x1024.jpg\" alt=\"\" class=\"wp-image-170\" srcset=\"https:\/\/www.osteopathe-annaellepeloil-17.com\/wp-content\/uploads\/2020\/04\/20200303_153807-768x1024.jpg 768w, https:\/\/www.osteopathe-annaellepeloil-17.com\/wp-content\/uploads\/2020\/04\/20200303_153807-225x300.jpg 225w, https:\/\/www.osteopathe-annaellepeloil-17.com\/wp-content\/uploads\/2020\/04\/20200303_153807-1152x1536.jpg 1152w, https:\/\/www.osteopathe-annaellepeloil-17.com\/wp-content\/uploads\/2020\/04\/20200303_153807-1536x2048.jpg 1536w, https:\/\/www.osteopathe-annaellepeloil-17.com\/wp-content\/uploads\/2020\/04\/20200303_153807-45x60.jpg 45w, https:\/\/www.osteopathe-annaellepeloil-17.com\/wp-content\/uploads\/2020\/04\/20200303_153807-scaled.jpg 1920w\" sizes=\"auto, (max-width: 768px) 100vw, 768px\" \/><\/figure>\n<\/div><\/div>\n\n\n\n<div class=\"wp-block-column is-layout-flow wp-block-column-is-layout-flow\"><div class=\"wp-block-image\">\n<figure class=\"aligncenter size-large\"><img loading=\"lazy\" decoding=\"async\" width=\"768\" height=\"1024\" src=\"http:\/\/www.osteopathe-annaellepeloil-17.com\/wp-content\/uploads\/2020\/04\/20200303_153729-768x1024.jpg\" alt=\"\" class=\"wp-image-166\" srcset=\"https:\/\/www.osteopathe-annaellepeloil-17.com\/wp-content\/uploads\/2020\/04\/20200303_153729-768x1024.jpg 768w, https:\/\/www.osteopathe-annaellepeloil-17.com\/wp-content\/uploads\/2020\/04\/20200303_153729-225x300.jpg 225w, https:\/\/www.osteopathe-annaellepeloil-17.com\/wp-content\/uploads\/2020\/04\/20200303_153729-1152x1536.jpg 1152w, https:\/\/www.osteopathe-annaellepeloil-17.com\/wp-content\/uploads\/2020\/04\/20200303_153729-1536x2048.jpg 1536w, https:\/\/www.osteopathe-annaellepeloil-17.com\/wp-content\/uploads\/2020\/04\/20200303_153729-45x60.jpg 45w, https:\/\/www.osteopathe-annaellepeloil-17.com\/wp-content\/uploads\/2020\/04\/20200303_153729-scaled.jpg 1920w\" sizes=\"auto, (max-width: 768px) 100vw, 768px\" \/><\/figure>\n<\/div><\/div>\n<\/div>\n\n\n\n<p class=\"has-text-align-center has-very-dark-gray-color has-vivid-cyan-blue-background-color has-text-color has-background has-medium-font-size\"><strong>LA ROCHELLE LA PALLICE &#8211; 60 Boulevard Emile Delmas<br>Fermeture d\u00e9finitive depuis le 1er Septembre 2022 &#8211; RDV \u00e0 Saint Jean de Liversay<\/strong><\/p>\n\n\n\n<div class=\"wp-block-columns is-layout-flex wp-container-core-columns-is-layout-9d6595d7 wp-block-columns-is-layout-flex\">\n<div class=\"wp-block-column is-layout-flow wp-block-column-is-layout-flow\">\n<div class=\"wp-block-columns is-layout-flex wp-container-core-columns-is-layout-9d6595d7 wp-block-columns-is-layout-flex\">\n<div class=\"wp-block-column is-layout-flow wp-block-column-is-layout-flow\"><\/div>\n\n\n\n<div class=\"wp-block-column is-layout-flow wp-block-column-is-layout-flow\"><\/div>\n<\/div>\n\n\n\n<p><\/p>\n<\/div>\n\n\n\n<div class=\"wp-block-column is-layout-flow wp-block-column-is-layout-flow\">\n<p><\/p>\n<\/div>\n<\/div>\n\n\n\n<div class=\"wp-block-columns is-layout-flex wp-container-core-columns-is-layout-9d6595d7 wp-block-columns-is-layout-flex\">\n<div class=\"wp-block-column is-layout-flow wp-block-column-is-layout-flow\">\n<p class=\"has-text-align-center has-vivid-purple-background-color has-background has-medium-font-size\"><strong>Saint Jean de Liversay<\/strong><br><em>plan d&rsquo;acc\u00e8s<\/em><\/p>\n\n\n\n<iframe loading=\"lazy\" src=\"https:\/\/www.google.com\/maps\/embed?pb=!1m18!1m12!1m3!1d2758.1129393809933!2d-0.8776066844154419!3d46.26785977911861!2m3!1f0!2f0!3f0!3m2!1i1024!2i768!4f13.1!3m3!1m2!1s0x4806cbf226d19a9d%3A0x674b67796ef20d44!2s3%20Rue%20Beaus%C3%A9jour%2C%2017170%20Saint-Jean-de-Liversay!5e0!3m2!1sfr!2sfr!4v1585902066008!5m2!1sfr!2sfr\" width=\"600\" height=\"450\" frameborder=\"0\" style=\"border:0;\" allowfullscreen=\"\" aria-hidden=\"false\" tabindex=\"0\"><\/iframe>\n\n\n\n<p><\/p>\n<\/div>\n\n\n\n<div class=\"wp-block-column is-layout-flow wp-block-column-is-layout-flow\"><\/div>\n<\/div>\n","protected":false},"excerpt":{"rendered":"<p>SAINT JEAN DE LIVERSAY &#8211; 3 rue Beaus\u00e9jour06 73 49 36 42 &#8211; 05 46 09 26 31 LA ROCHELLE LA PALLICE &#8211; 60 Boulevard Emile DelmasFermeture d\u00e9finitive depuis le 1er Septembre 2022 &#8211; RDV \u00e0 Saint Jean de Liversay Saint Jean de Liversayplan d&rsquo;acc\u00e8s<\/p>\n","protected":false},"author":1,"featured_media":0,"parent":0,"menu_order":0,"comment_status":"closed","ping_status":"closed","template":"","meta":{"footnotes":""},"class_list":["post-155","page","type-page","status-publish","hentry"],"_links":{"self":[{"href":"https:\/\/www.osteopathe-annaellepeloil-17.com\/index.php\/wp-json\/wp\/v2\/pages\/155","targetHints":{"allow":["GET"]}}],"collection":[{"href":"https:\/\/www.osteopathe-annaellepeloil-17.com\/index.php\/wp-json\/wp\/v2\/pages"}],"about":[{"href":"https:\/\/www.osteopathe-annaellepeloil-17.com\/index.php\/wp-json\/wp\/v2\/types\/page"}],"author":[{"embeddable":true,"href":"https:\/\/www.osteopathe-annaellepeloil-17.com\/index.php\/wp-json\/wp\/v2\/users\/1"}],"replies":[{"embeddable":true,"href":"https:\/\/www.osteopathe-annaellepeloil-17.com\/index.php\/wp-json\/wp\/v2\/comments?post=155"}],"version-history":[{"count":11,"href":"https:\/\/www.osteopathe-annaellepeloil-17.com\/index.php\/wp-json\/wp\/v2\/pages\/155\/revisions"}],"predecessor-version":[{"id":305,"href":"https:\/\/www.osteopathe-annaellepeloil-17.com\/index.php\/wp-json\/wp\/v2\/pages\/155\/revisions\/305"}],"wp:attachment":[{"href":"https:\/\/www.osteopathe-annaellepeloil-17.com\/index.php\/wp-json\/wp\/v2\/media?parent=155"}],"curies":[{"name":"wp","href":"https:\/\/api.w.org\/{rel}","templated":true}]}}