{"id":12,"date":"2020-04-01T19:01:35","date_gmt":"2020-04-01T17:01:35","guid":{"rendered":"http:\/\/www.osteopathe-annaellepeloil-17.com\/?page_id=12"},"modified":"2022-09-11T18:08:41","modified_gmt":"2022-09-11T16:08:41","slug":"contact","status":"publish","type":"page","link":"https:\/\/www.osteopathe-annaellepeloil-17.com\/index.php\/contact\/","title":{"rendered":"Contact \/ Tarifs"},"content":{"rendered":"\n<h2 class=\"has-vivid-purple-color has-text-color wp-block-heading\"><em>Vous souhaitez prendre Rendez-Vous ?<\/em><\/h2>\n\n\n\n<div class=\"wp-block-columns is-layout-flex wp-container-core-columns-is-layout-9d6595d7 wp-block-columns-is-layout-flex\">\n<div class=\"wp-block-column is-layout-flow wp-block-column-is-layout-flow\">\n<p>PELOIL Annaelle<br>3 rue Beaus\u00e9jour<br>17170 <strong>St Jean de Liversay<\/strong><br><br><strong>06 73 49 36 42<br>05 46 09 26 31<\/strong><\/p>\n<\/div>\n\n\n\n<div class=\"wp-block-column is-layout-flow wp-block-column-is-layout-flow\">\n<p class=\"has-very-dark-gray-color has-text-color\">Fermeture d\u00e9finitive depuis le 1er Septembre 2022 du 2\u00e8 cabinet situ\u00e9 60 boulevard Emile Delmas \u00e0 La Rochelle.<\/p>\n\n\n\n<p class=\"has-very-dark-gray-color has-text-color\"> Retrouvez-moi \u00e0 Saint Jean de Liversay.<\/p>\n<\/div>\n<\/div>\n\n\n\n<div class=\"wp-block-columns is-layout-flex wp-container-core-columns-is-layout-9d6595d7 wp-block-columns-is-layout-flex\">\n<div class=\"wp-block-column is-layout-flow wp-block-column-is-layout-flow\"><\/div>\n\n\n\n<div class=\"wp-block-column is-layout-flow wp-block-column-is-layout-flow\"><\/div>\n<\/div>\n\n\n\n<figure class=\"wp-block-image size-large\"><img loading=\"lazy\" decoding=\"async\" width=\"968\" height=\"425\" src=\"http:\/\/www.osteopathe-annaellepeloil-17.com\/wp-content\/uploads\/2020\/04\/plan-cab.jpg\" alt=\"\" class=\"wp-image-209\" srcset=\"https:\/\/www.osteopathe-annaellepeloil-17.com\/wp-content\/uploads\/2020\/04\/plan-cab.jpg 968w, https:\/\/www.osteopathe-annaellepeloil-17.com\/wp-content\/uploads\/2020\/04\/plan-cab-300x132.jpg 300w, https:\/\/www.osteopathe-annaellepeloil-17.com\/wp-content\/uploads\/2020\/04\/plan-cab-768x337.jpg 768w, https:\/\/www.osteopathe-annaellepeloil-17.com\/wp-content\/uploads\/2020\/04\/plan-cab-137x60.jpg 137w\" sizes=\"auto, (max-width: 968px) 100vw, 968px\" \/><\/figure>\n\n\n\n<p>Consultations sur RDV du lundi au vendredi de 9h \u00e0 20h et le samedi de 9h \u00e0 13h.<br>Ferm\u00e9 le dimanche<\/p>\n\n\n\n<p><\/p>\n\n\n\n<p><\/p>\n\n\n\n<p><\/p>\n\n\n\n<h2 class=\"has-vivid-purple-color has-text-color wp-block-heading\"><em>Tarifs \/ Honoraires<\/em><\/h2>\n\n\n\n<p>Tarif de la consultation : <strong>55 euros<\/strong><br>enfant (moins de 12 ans) : 45 euros<br><br><em>Paiement par ch\u00e8que ou esp\u00e8ces<\/em><br><br>Les s\u00e9ances d&rsquo;ost\u00e9opathie ne sont pas rembours\u00e9es par la s\u00e9curit\u00e9 sociale, mais elles le sont en partie ou en totalit\u00e9 par certaines mutuelles.<br>Une note d&rsquo;honoraires vous sera d\u00e9livr\u00e9e \u00e0 la fin de votre s\u00e9ance.<\/p>\n","protected":false},"excerpt":{"rendered":"<p>Vous souhaitez prendre Rendez-Vous ? PELOIL Annaelle3 rue Beaus\u00e9jour17170 St Jean de Liversay 06 73 49 36 4205 46 09 26 31 Fermeture d\u00e9finitive depuis le 1er Septembre 2022 du 2\u00e8 cabinet situ\u00e9 60 boulevard Emile Delmas \u00e0 La Rochelle. Retrouvez-moi \u00e0 Saint Jean de Liversay. Consultations sur RDV du lundi au vendredi de 9h &hellip; <\/p>\n","protected":false},"author":1,"featured_media":0,"parent":0,"menu_order":0,"comment_status":"closed","ping_status":"closed","template":"","meta":{"footnotes":""},"class_list":["post-12","page","type-page","status-publish","hentry"],"_links":{"self":[{"href":"https:\/\/www.osteopathe-annaellepeloil-17.com\/index.php\/wp-json\/wp\/v2\/pages\/12","targetHints":{"allow":["GET"]}}],"collection":[{"href":"https:\/\/www.osteopathe-annaellepeloil-17.com\/index.php\/wp-json\/wp\/v2\/pages"}],"about":[{"href":"https:\/\/www.osteopathe-annaellepeloil-17.com\/index.php\/wp-json\/wp\/v2\/types\/page"}],"author":[{"embeddable":true,"href":"https:\/\/www.osteopathe-annaellepeloil-17.com\/index.php\/wp-json\/wp\/v2\/users\/1"}],"replies":[{"embeddable":true,"href":"https:\/\/www.osteopathe-annaellepeloil-17.com\/index.php\/wp-json\/wp\/v2\/comments?post=12"}],"version-history":[{"count":14,"href":"https:\/\/www.osteopathe-annaellepeloil-17.com\/index.php\/wp-json\/wp\/v2\/pages\/12\/revisions"}],"predecessor-version":[{"id":303,"href":"https:\/\/www.osteopathe-annaellepeloil-17.com\/index.php\/wp-json\/wp\/v2\/pages\/12\/revisions\/303"}],"wp:attachment":[{"href":"https:\/\/www.osteopathe-annaellepeloil-17.com\/index.php\/wp-json\/wp\/v2\/media?parent=12"}],"curies":[{"name":"wp","href":"https:\/\/api.w.org\/{rel}","templated":true}]}}