{"id":11,"date":"2020-04-01T19:01:35","date_gmt":"2020-04-01T17:01:35","guid":{"rendered":"http:\/\/www.osteopathe-annaellepeloil-17.com\/?page_id=11"},"modified":"2020-04-20T14:57:05","modified_gmt":"2020-04-20T12:57:05","slug":"a-propos-de","status":"publish","type":"page","link":"https:\/\/www.osteopathe-annaellepeloil-17.com\/index.php\/a-propos-de\/","title":{"rendered":"Motifs de Consultation"},"content":{"rendered":"\n<p>En pr\u00e9ventif ou en curatif, il est conseill\u00e9 de faire une s\u00e9ance d&rsquo;ost\u00e9opathie tous les 6 \u00e0 12 mois. <br>Dans certains cas, il sera pr\u00e9conis\u00e9 d&rsquo;effectuer deux s\u00e9ances \u00e0 15 jours d&rsquo;intervalle afin de r\u00e9tablir au mieux l&rsquo;\u00e9quilibre de votre corps et \u00e9viter une r\u00e9cidive rapide.<\/p>\n\n\n\n<blockquote class=\"wp-block-quote has-text-align-center is-style-large is-layout-flow wp-block-quote-is-layout-flow\"><p><span class=\"has-inline-color has-pale-pink-color\"><em>\u00ab\u00a0Ne pas confondre gu\u00e9rison et diminution de la douleur\u00a0\u00bb<\/em><\/span><\/p><\/blockquote>\n\n\n\n<p class=\"has-text-color has-background has-text-align-center has-medium-font-size has-vivid-cyan-blue-color has-pale-cyan-blue-background-color\"><strong><span class=\"has-inline-color has-vivid-cyan-blue-color\">Chez l&rsquo;adulte, le sportif ou le s\u00e9nior : <\/span><\/strong><\/p>\n\n\n\n<div class=\"wp-block-image\"><figure class=\"aligncenter size-large\"><img loading=\"lazy\" decoding=\"async\" width=\"901\" height=\"728\" src=\"http:\/\/www.osteopathe-annaellepeloil-17.com\/wp-content\/uploads\/2020\/04\/motif-consult-2.jpg\" alt=\"\" class=\"wp-image-110\" srcset=\"https:\/\/www.osteopathe-annaellepeloil-17.com\/wp-content\/uploads\/2020\/04\/motif-consult-2.jpg 901w, https:\/\/www.osteopathe-annaellepeloil-17.com\/wp-content\/uploads\/2020\/04\/motif-consult-2-300x242.jpg 300w, https:\/\/www.osteopathe-annaellepeloil-17.com\/wp-content\/uploads\/2020\/04\/motif-consult-2-768x621.jpg 768w, https:\/\/www.osteopathe-annaellepeloil-17.com\/wp-content\/uploads\/2020\/04\/motif-consult-2-74x60.jpg 74w\" sizes=\"auto, (max-width: 901px) 100vw, 901px\" \/><\/figure><\/div>\n\n\n\n<p class=\"has-text-color has-background has-text-align-center has-medium-font-size has-very-dark-gray-color has-pale-cyan-blue-background-color\"><strong><span class=\"has-inline-color has-vivid-cyan-blue-color\">Chez le nourrisson, chez l&rsquo;enfant : <\/span><\/strong><\/p>\n\n\n\n<div class=\"wp-block-image\"><figure class=\"alignright size-large is-resized\"><img loading=\"lazy\" decoding=\"async\" src=\"http:\/\/www.osteopathe-annaellepeloil-17.com\/wp-content\/uploads\/2020\/04\/enfant.png\" alt=\"\" class=\"wp-image-118\" width=\"369\" height=\"354\" srcset=\"https:\/\/www.osteopathe-annaellepeloil-17.com\/wp-content\/uploads\/2020\/04\/enfant.png 109w, https:\/\/www.osteopathe-annaellepeloil-17.com\/wp-content\/uploads\/2020\/04\/enfant-62x60.png 62w\" sizes=\"auto, (max-width: 369px) 100vw, 369px\" \/><\/figure><\/div>\n\n\n\n<ul class=\"wp-block-list\"><li>torticolis cong\u00e9nitaux et plagioc\u00e9phalie (t\u00eate plate)<\/li><li>otites \u00e0 r\u00e9p\u00e9tition<\/li><li>troubles digestifs (coliques, r\u00e9gurgitations, reflux&#8230;)<\/li><li>pleurs inexpliqu\u00e9s, irritabilit\u00e9<\/li><li>troubles du sommeil<\/li><li>troubles de la succion, allaitement difficile<\/li><li>troubles posturaux pied\/genou\/hanche<\/li><li>suite d&rsquo;un accouchement difficile<\/li><li>accompagnement du travail orthodontique<\/li><li>&#8230;<\/li><\/ul>\n\n\n\n<p class=\"has-text-color has-background has-text-align-center has-medium-font-size has-vivid-cyan-blue-color has-pale-cyan-blue-background-color\"><strong>Chez la femme enceinte :<\/strong><\/p>\n\n\n\n<div class=\"wp-block-image\"><figure class=\"alignright size-large is-resized\"><img loading=\"lazy\" decoding=\"async\" src=\"http:\/\/www.osteopathe-annaellepeloil-17.com\/wp-content\/uploads\/2020\/04\/formation-osteo-perinatale-femme-enceinte-grossesse-cfpco-optim-1024x682.jpg\" alt=\"\" class=\"wp-image-125\" width=\"532\" height=\"353\" srcset=\"https:\/\/www.osteopathe-annaellepeloil-17.com\/wp-content\/uploads\/2020\/04\/formation-osteo-perinatale-femme-enceinte-grossesse-cfpco-optim-1024x682.jpg 1024w, https:\/\/www.osteopathe-annaellepeloil-17.com\/wp-content\/uploads\/2020\/04\/formation-osteo-perinatale-femme-enceinte-grossesse-cfpco-optim-300x200.jpg 300w, https:\/\/www.osteopathe-annaellepeloil-17.com\/wp-content\/uploads\/2020\/04\/formation-osteo-perinatale-femme-enceinte-grossesse-cfpco-optim-90x60.jpg 90w\" sizes=\"auto, (max-width: 532px) 100vw, 532px\" \/><\/figure><\/div>\n\n\n\n<ul class=\"wp-block-list\"><li>pr\u00e9paration \u00e0 l&rsquo;accouchement<\/li><li>douleurs lombaires<\/li><li>sciatiques<\/li><li>douleurs ligamentaires<\/li><li>troubles gastriques<\/li><li>naus\u00e9es ou vomissements<\/li><li>difficult\u00e9s \u00e0 dig\u00e9rer<\/li><li>constipation<\/li><li>maux de t\u00eate<\/li><li>jambes lourdes<\/li><li>troubles du sommeil<\/li><li>&#8230;<\/li><\/ul>\n\n\n\n<p><\/p>\n","protected":false},"excerpt":{"rendered":"<p>En pr\u00e9ventif ou en curatif, il est conseill\u00e9 de faire une s\u00e9ance d&rsquo;ost\u00e9opathie tous les 6 \u00e0 12 mois. Dans certains cas, il sera pr\u00e9conis\u00e9 d&rsquo;effectuer deux s\u00e9ances \u00e0 15 jours d&rsquo;intervalle afin de r\u00e9tablir au mieux l&rsquo;\u00e9quilibre de votre corps et \u00e9viter une r\u00e9cidive rapide. \u00ab\u00a0Ne pas confondre gu\u00e9rison et diminution de la douleur\u00a0\u00bb &hellip; <\/p>\n","protected":false},"author":1,"featured_media":105,"parent":0,"menu_order":0,"comment_status":"closed","ping_status":"closed","template":"","meta":{"footnotes":""},"class_list":["post-11","page","type-page","status-publish","has-post-thumbnail","hentry"],"_links":{"self":[{"href":"https:\/\/www.osteopathe-annaellepeloil-17.com\/index.php\/wp-json\/wp\/v2\/pages\/11","targetHints":{"allow":["GET"]}}],"collection":[{"href":"https:\/\/www.osteopathe-annaellepeloil-17.com\/index.php\/wp-json\/wp\/v2\/pages"}],"about":[{"href":"https:\/\/www.osteopathe-annaellepeloil-17.com\/index.php\/wp-json\/wp\/v2\/types\/page"}],"author":[{"embeddable":true,"href":"https:\/\/www.osteopathe-annaellepeloil-17.com\/index.php\/wp-json\/wp\/v2\/users\/1"}],"replies":[{"embeddable":true,"href":"https:\/\/www.osteopathe-annaellepeloil-17.com\/index.php\/wp-json\/wp\/v2\/comments?post=11"}],"version-history":[{"count":15,"href":"https:\/\/www.osteopathe-annaellepeloil-17.com\/index.php\/wp-json\/wp\/v2\/pages\/11\/revisions"}],"predecessor-version":[{"id":298,"href":"https:\/\/www.osteopathe-annaellepeloil-17.com\/index.php\/wp-json\/wp\/v2\/pages\/11\/revisions\/298"}],"wp:featuredmedia":[{"embeddable":true,"href":"https:\/\/www.osteopathe-annaellepeloil-17.com\/index.php\/wp-json\/wp\/v2\/media\/105"}],"wp:attachment":[{"href":"https:\/\/www.osteopathe-annaellepeloil-17.com\/index.php\/wp-json\/wp\/v2\/media?parent=11"}],"curies":[{"name":"wp","href":"https:\/\/api.w.org\/{rel}","templated":true}]}}